{"id":798,"date":"2022-02-21T13:38:08","date_gmt":"2022-02-21T12:38:08","guid":{"rendered":"https:\/\/blog.seag.es\/?page_id=798"},"modified":"2022-06-13T19:57:07","modified_gmt":"2022-06-13T18:57:07","slug":"alquiler-garantizado","status":"publish","type":"page","link":"https:\/\/www.seag.es\/guia-alquiler\/alquiler-garantizado\/","title":{"rendered":"Alquiler garantizado"},"content":{"rendered":"\t\t<div data-elementor-type=\"wp-page\" data-elementor-id=\"798\" class=\"elementor elementor-798\">\n\t\t\t\t\t\t<section class=\"elementor-section elementor-top-section elementor-element elementor-element-453b401 elementor-section-boxed elementor-section-height-default elementor-section-height-default\" data-id=\"453b401\" data-element_type=\"section\" data-settings=\"{&quot;jet_parallax_layout_list&quot;:[]}\">\n\t\t\t\t\t\t<div class=\"elementor-container elementor-column-gap-default\">\n\t\t\t\t\t<div class=\"elementor-column elementor-col-100 elementor-top-column elementor-element elementor-element-0a9d453\" data-id=\"0a9d453\" data-element_type=\"column\">\n\t\t\t<div class=\"elementor-widget-wrap elementor-element-populated\">\n\t\t\t\t\t\t<div class=\"elementor-element elementor-element-211333e elementor-widget elementor-widget-heading\" data-id=\"211333e\" data-element_type=\"widget\" data-widget_type=\"heading.default\">\n\t\t\t\t<div class=\"elementor-widget-container\">\n\t\t\t<h2 class=\"elementor-heading-title elementor-size-default\">Categor\u00eda impago del alquiler<\/h2>\t\t<\/div>\n\t\t\t\t<\/div>\n\t\t\t\t\t<\/div>\n\t\t<\/div>\n\t\t\t\t\t<\/div>\n\t\t<\/section>\n\t\t\t\t<section class=\"elementor-section elementor-top-section elementor-element elementor-element-ae6e054 elementor-section-boxed elementor-section-height-default elementor-section-height-default\" data-id=\"ae6e054\" data-element_type=\"section\" data-settings=\"{&quot;jet_parallax_layout_list&quot;:[]}\">\n\t\t\t\t\t\t<div class=\"elementor-container elementor-column-gap-default\">\n\t\t\t\t\t<div class=\"elementor-column elementor-col-100 elementor-top-column elementor-element elementor-element-03f0050\" data-id=\"03f0050\" data-element_type=\"column\">\n\t\t\t<div class=\"elementor-widget-wrap elementor-element-populated\">\n\t\t\t\t\t\t<div class=\"elementor-element elementor-element-46a45ef elementor-widget elementor-widget-raven-posts\" data-id=\"46a45ef\" data-element_type=\"widget\" data-settings=\"{&quot;classic_columns&quot;:&quot;2&quot;,&quot;query_posts_per_page&quot;:4,&quot;classic_show_pagination&quot;:&quot;yes&quot;,&quot;classic_pagination_type&quot;:&quot;infinite_load&quot;,&quot;_skin&quot;:&quot;classic&quot;,&quot;classic_layout&quot;:&quot;grid&quot;,&quot;classic_columns_tablet&quot;:&quot;2&quot;,&quot;classic_columns_mobile&quot;:&quot;1&quot;,&quot;query_offset&quot;:0}\" data-widget_type=\"raven-posts.classic\">\n\t\t\t\t<div class=\"elementor-widget-container\">\n\t\t\t\t\t<div class=\"raven-posts raven-grid raven-grid-2 raven-grid-mobile-1 raven-grid-tablet-2\" data-post-id=\"798\" data-archive-query=\"\" data-lang=\"\">\r\n\t\t\t\t<div class=\"raven-grid-item raven-post-item post-4260 post type-post status-publish format-standard has-post-thumbnail hentry category-alquiler-garantizado\">\r\n\t\t\t<div class=\"raven-post\">\r\n\t\t\t\t\t\t<div class=\"raven-post-image-wrap\">\r\n\t\t\t<a class=\"raven-post-image raven-image-fit\" href=\"https:\/\/www.seag.es\/guia-alquiler\/alquiler-garantizado\/garantia-de-alquiler-por-impago-como-convertirla-en-un-servicio-de-valor-para-tu-agencia\/\"><img fetchpriority=\"high\" decoding=\"async\" width=\"1024\" height=\"768\" src=\"https:\/\/www.seag.es\/guia-alquiler\/wp-content\/uploads\/2026\/04\/Garantia-de-alquiler-por-impago-como-convertirla-en-un-servicio-de-valor-para-tu-agencia-1024x768.jpg\" class=\"attachment-large size-large wp-image-4262\" alt=\"Garant\u00eda de alquiler por impago c\u00f3mo convertirla en un servicio de valor para tu agencia\" srcset=\"https:\/\/www.seag.es\/guia-alquiler\/wp-content\/uploads\/2026\/04\/Garantia-de-alquiler-por-impago-como-convertirla-en-un-servicio-de-valor-para-tu-agencia-1024x768.jpg 1024w, https:\/\/www.seag.es\/guia-alquiler\/wp-content\/uploads\/2026\/04\/Garantia-de-alquiler-por-impago-como-convertirla-en-un-servicio-de-valor-para-tu-agencia-300x225.jpg 300w, https:\/\/www.seag.es\/guia-alquiler\/wp-content\/uploads\/2026\/04\/Garantia-de-alquiler-por-impago-como-convertirla-en-un-servicio-de-valor-para-tu-agencia-768x576.jpg 768w, https:\/\/www.seag.es\/guia-alquiler\/wp-content\/uploads\/2026\/04\/Garantia-de-alquiler-por-impago-como-convertirla-en-un-servicio-de-valor-para-tu-agencia.jpg 1448w\" sizes=\"(max-width: 1024px) 100vw, 1024px\" \/> <span class=\"raven-post-image-overlay\"><\/span><\/a>\t\t<\/div>\r\n\t\t\t\t\t\t<div class=\"raven-post-content\">\r\n\t\t\t\t\t<h3 class=\"raven-post-title\"><a class=\"raven-post-title-link\" href=\"https:\/\/www.seag.es\/guia-alquiler\/alquiler-garantizado\/garantia-de-alquiler-por-impago-como-convertirla-en-un-servicio-de-valor-para-tu-agencia\/\">Garant\u00eda de alquiler por impago: c\u00f3mo convertirla en un servicio de valor para tu agencia<\/a><\/h3>\t\t<div class=\"raven-post-meta\"><span class=\"raven-post-meta-item raven-post-categories\"><a href=\"https:\/\/www.seag.es\/guia-alquiler\/category\/alquiler-garantizado\/\" rel=\"tag\">Alquiler Garantizado<\/a><\/span><\/div>\r\n\t\t<div class=\"raven-post-excerpt\">Para una agencia inmobiliaria, ofrecer una vivienda en alquiler ya no se mide por la rapidez con la que se firma el contrato. El propietario quiere algo m\u00e1s: tranquilidad, criterio<\/div>\t\t<div class=\"raven-post-read-more\">\r\n\t\t\t<a class=\"raven-post-button\" href=\"https:\/\/www.seag.es\/guia-alquiler\/alquiler-garantizado\/garantia-de-alquiler-por-impago-como-convertirla-en-un-servicio-de-valor-para-tu-agencia\/\"><span class=\"raven-post-button-text\">Saber m\u00e1s<\/span><\/a>\r\n\t\t<\/div>\r\n\t\t\t\t\t\t<\/div>\r\n\t\t\t<\/div>\r\n\t\t<\/div>\r\n\t\t\t\t<div class=\"raven-grid-item raven-post-item post-4257 post type-post status-publish format-standard has-post-thumbnail hentry category-alquiler-garantizado\">\r\n\t\t\t<div class=\"raven-post\">\r\n\t\t\t\t\t\t<div class=\"raven-post-image-wrap\">\r\n\t\t\t<a class=\"raven-post-image raven-image-fit\" href=\"https:\/\/www.seag.es\/guia-alquiler\/alquiler-garantizado\/que-es-una-garantia-de-alquiler-y-como-te-afecta-como-inquilino\/\"><img decoding=\"async\" width=\"1024\" height=\"768\" src=\"https:\/\/www.seag.es\/guia-alquiler\/wp-content\/uploads\/2026\/04\/\u00bfQue-es-una-garantia-de-alquiler-y-como-te-afecta-como-inquilino-1024x768.jpg\" class=\"attachment-large size-large wp-image-4258\" alt=\"\u00bfQu\u00e9 es una garant\u00eda de alquiler y c\u00f3mo te afecta como inquilino?\" srcset=\"https:\/\/www.seag.es\/guia-alquiler\/wp-content\/uploads\/2026\/04\/\u00bfQue-es-una-garantia-de-alquiler-y-como-te-afecta-como-inquilino-1024x768.jpg 1024w, https:\/\/www.seag.es\/guia-alquiler\/wp-content\/uploads\/2026\/04\/\u00bfQue-es-una-garantia-de-alquiler-y-como-te-afecta-como-inquilino-300x225.jpg 300w, https:\/\/www.seag.es\/guia-alquiler\/wp-content\/uploads\/2026\/04\/\u00bfQue-es-una-garantia-de-alquiler-y-como-te-afecta-como-inquilino-768x576.jpg 768w, https:\/\/www.seag.es\/guia-alquiler\/wp-content\/uploads\/2026\/04\/\u00bfQue-es-una-garantia-de-alquiler-y-como-te-afecta-como-inquilino.jpg 1448w\" sizes=\"(max-width: 1024px) 100vw, 1024px\" \/> <span class=\"raven-post-image-overlay\"><\/span><\/a>\t\t<\/div>\r\n\t\t\t\t\t\t<div class=\"raven-post-content\">\r\n\t\t\t\t\t<h3 class=\"raven-post-title\"><a class=\"raven-post-title-link\" href=\"https:\/\/www.seag.es\/guia-alquiler\/alquiler-garantizado\/que-es-una-garantia-de-alquiler-y-como-te-afecta-como-inquilino\/\">\u00bfQu\u00e9 es una garant\u00eda de alquiler y c\u00f3mo te afecta como inquilino?<\/a><\/h3>\t\t<div class=\"raven-post-meta\"><span class=\"raven-post-meta-item raven-post-categories\"><a href=\"https:\/\/www.seag.es\/guia-alquiler\/category\/alquiler-garantizado\/\" rel=\"tag\">Alquiler Garantizado<\/a><\/span><\/div>\r\n\t\t<div class=\"raven-post-excerpt\">Cuando un inquilino entra en un proceso de alquiler, casi todas las preguntas que recibe giran en torno a documentos: n\u00f3minas, contratos laborales, vida laboral, fianza. En medio de ese<\/div>\t\t<div class=\"raven-post-read-more\">\r\n\t\t\t<a class=\"raven-post-button\" href=\"https:\/\/www.seag.es\/guia-alquiler\/alquiler-garantizado\/que-es-una-garantia-de-alquiler-y-como-te-afecta-como-inquilino\/\"><span class=\"raven-post-button-text\">Saber m\u00e1s<\/span><\/a>\r\n\t\t<\/div>\r\n\t\t\t\t\t\t<\/div>\r\n\t\t\t<\/div>\r\n\t\t<\/div>\r\n\t\t\t\t<div class=\"raven-grid-item raven-post-item post-4248 post type-post status-publish format-standard has-post-thumbnail hentry category-alquiler-garantizado\">\r\n\t\t\t<div class=\"raven-post\">\r\n\t\t\t\t\t\t<div class=\"raven-post-image-wrap\">\r\n\t\t\t<a class=\"raven-post-image raven-image-fit\" href=\"https:\/\/www.seag.es\/guia-alquiler\/alquiler-garantizado\/cobro-puntual-de-seag-cobra-el-dia-1-aunque-el-inquilino-no-pague\/\"><img decoding=\"async\" width=\"1024\" height=\"768\" src=\"https:\/\/www.seag.es\/guia-alquiler\/wp-content\/uploads\/2026\/04\/Cobro-Puntual-de-SEAG-cobra-el-dia-1-aunque-el-inquilino-no-pague-1024x768.jpg\" class=\"attachment-large size-large wp-image-4249\" alt=\"Cobro Puntual de SEAG cobra el d\u00eda 1 aunque el inquilino no pague\" srcset=\"https:\/\/www.seag.es\/guia-alquiler\/wp-content\/uploads\/2026\/04\/Cobro-Puntual-de-SEAG-cobra-el-dia-1-aunque-el-inquilino-no-pague-1024x768.jpg 1024w, https:\/\/www.seag.es\/guia-alquiler\/wp-content\/uploads\/2026\/04\/Cobro-Puntual-de-SEAG-cobra-el-dia-1-aunque-el-inquilino-no-pague-300x225.jpg 300w, https:\/\/www.seag.es\/guia-alquiler\/wp-content\/uploads\/2026\/04\/Cobro-Puntual-de-SEAG-cobra-el-dia-1-aunque-el-inquilino-no-pague-768x576.jpg 768w, https:\/\/www.seag.es\/guia-alquiler\/wp-content\/uploads\/2026\/04\/Cobro-Puntual-de-SEAG-cobra-el-dia-1-aunque-el-inquilino-no-pague.jpg 1448w\" sizes=\"(max-width: 1024px) 100vw, 1024px\" \/> <span class=\"raven-post-image-overlay\"><\/span><\/a>\t\t<\/div>\r\n\t\t\t\t\t\t<div class=\"raven-post-content\">\r\n\t\t\t\t\t<h3 class=\"raven-post-title\"><a class=\"raven-post-title-link\" href=\"https:\/\/www.seag.es\/guia-alquiler\/alquiler-garantizado\/cobro-puntual-de-seag-cobra-el-dia-1-aunque-el-inquilino-no-pague\/\">Cobro Puntual de SEAG: cobra el d\u00eda 1 aunque el inquilino no pague<\/a><\/h3>\t\t<div class=\"raven-post-meta\"><span class=\"raven-post-meta-item raven-post-categories\"><a href=\"https:\/\/www.seag.es\/guia-alquiler\/category\/alquiler-garantizado\/\" rel=\"tag\">Alquiler Garantizado<\/a><\/span><\/div>\r\n\t\t<div class=\"raven-post-excerpt\">Uno de los mayores temores de cualquier propietario que alquila es que el inquilino deje de pagar y comience una espiral de meses sin ingresos, gestiones inc\u00f3modas y, en el<\/div>\t\t<div class=\"raven-post-read-more\">\r\n\t\t\t<a class=\"raven-post-button\" href=\"https:\/\/www.seag.es\/guia-alquiler\/alquiler-garantizado\/cobro-puntual-de-seag-cobra-el-dia-1-aunque-el-inquilino-no-pague\/\"><span class=\"raven-post-button-text\">Saber m\u00e1s<\/span><\/a>\r\n\t\t<\/div>\r\n\t\t\t\t\t\t<\/div>\r\n\t\t\t<\/div>\r\n\t\t<\/div>\r\n\t\t\t\t<div class=\"raven-grid-item raven-post-item post-4240 post type-post status-publish format-standard has-post-thumbnail hentry category-alquiler-garantizado\">\r\n\t\t\t<div class=\"raven-post\">\r\n\t\t\t\t\t\t<div class=\"raven-post-image-wrap\">\r\n\t\t\t<a class=\"raven-post-image raven-image-fit\" href=\"https:\/\/www.seag.es\/guia-alquiler\/alquiler-garantizado\/reducciones-irpf-del-50-al-90-en-alquiler-requisitos-para-cada-tramo-en-2026\/\"><img loading=\"lazy\" decoding=\"async\" width=\"1024\" height=\"683\" src=\"https:\/\/www.seag.es\/guia-alquiler\/wp-content\/uploads\/2026\/04\/Reducciones-IRPF-del-50-al-90-en-alquiler-requisitos-para-cada-tramo-en-2026-1024x683.png\" class=\"attachment-large size-large wp-image-4241\" alt=\"\" srcset=\"https:\/\/www.seag.es\/guia-alquiler\/wp-content\/uploads\/2026\/04\/Reducciones-IRPF-del-50-al-90-en-alquiler-requisitos-para-cada-tramo-en-2026-1024x683.png 1024w, https:\/\/www.seag.es\/guia-alquiler\/wp-content\/uploads\/2026\/04\/Reducciones-IRPF-del-50-al-90-en-alquiler-requisitos-para-cada-tramo-en-2026-300x200.png 300w, https:\/\/www.seag.es\/guia-alquiler\/wp-content\/uploads\/2026\/04\/Reducciones-IRPF-del-50-al-90-en-alquiler-requisitos-para-cada-tramo-en-2026-768x512.png 768w, https:\/\/www.seag.es\/guia-alquiler\/wp-content\/uploads\/2026\/04\/Reducciones-IRPF-del-50-al-90-en-alquiler-requisitos-para-cada-tramo-en-2026.png 1536w\" sizes=\"(max-width: 1024px) 100vw, 1024px\" \/> <span class=\"raven-post-image-overlay\"><\/span><\/a>\t\t<\/div>\r\n\t\t\t\t\t\t<div class=\"raven-post-content\">\r\n\t\t\t\t\t<h3 class=\"raven-post-title\"><a class=\"raven-post-title-link\" href=\"https:\/\/www.seag.es\/guia-alquiler\/alquiler-garantizado\/reducciones-irpf-del-50-al-90-en-alquiler-requisitos-para-cada-tramo-en-2026\/\">Reducciones IRPF del 50% al 90% en alquiler: requisitos para cada tramo en 2026<\/a><\/h3>\t\t<div class=\"raven-post-meta\"><span class=\"raven-post-meta-item raven-post-categories\"><a href=\"https:\/\/www.seag.es\/guia-alquiler\/category\/alquiler-garantizado\/\" rel=\"tag\">Alquiler Garantizado<\/a><\/span><\/div>\r\n\t\t<div class=\"raven-post-excerpt\">Declarar los ingresos del alquiler es obligatorio, pero lo que muchos propietarios desconocen es que Hacienda permite reducir significativamente la base imponible si se cumplen determinados requisitos. El problema es<\/div>\t\t<div class=\"raven-post-read-more\">\r\n\t\t\t<a class=\"raven-post-button\" href=\"https:\/\/www.seag.es\/guia-alquiler\/alquiler-garantizado\/reducciones-irpf-del-50-al-90-en-alquiler-requisitos-para-cada-tramo-en-2026\/\"><span class=\"raven-post-button-text\">Saber m\u00e1s<\/span><\/a>\r\n\t\t<\/div>\r\n\t\t\t\t\t\t<\/div>\r\n\t\t\t<\/div>\r\n\t\t<\/div>\r\n\t\t\t\t<\/div>\r\n\t\t<span class=\"raven-infinite-load\"><\/span>\t\t<\/div>\n\t\t\t\t<\/div>\n\t\t\t\t\t<\/div>\n\t\t<\/div>\n\t\t\t\t\t<\/div>\n\t\t<\/section>\n\t\t\t\t<\/div>\n\t\t","protected":false},"excerpt":{"rendered":"<p>Categor\u00eda impago del alquiler \u00bfC\u00f3mo prevenir el impago de alquiler? Impago de Alquiler Como te contamos en este art\u00edculo \u00ab\u00bfCu\u00e1les son los riesgos de poner mi piso en alquiler?\u201d, uno de los mayores riesgos a los que te enfrentas como propietario de una Saber m\u00e1s \u00bfQu\u00e9 ocurre cuando la mediaci\u00f3n por impago de alquiler no [&hellip;]<\/p>\n","protected":false},"author":2,"featured_media":0,"parent":0,"menu_order":0,"comment_status":"closed","ping_status":"closed","template":"","meta":{"_acf_changed":false,"footnotes":""},"class_list":["post-798","page","type-page","status-publish","hentry"],"acf":[],"_links":{"self":[{"href":"https:\/\/www.seag.es\/guia-alquiler\/wp-json\/wp\/v2\/pages\/798","targetHints":{"allow":["GET"]}}],"collection":[{"href":"https:\/\/www.seag.es\/guia-alquiler\/wp-json\/wp\/v2\/pages"}],"about":[{"href":"https:\/\/www.seag.es\/guia-alquiler\/wp-json\/wp\/v2\/types\/page"}],"author":[{"embeddable":true,"href":"https:\/\/www.seag.es\/guia-alquiler\/wp-json\/wp\/v2\/users\/2"}],"replies":[{"embeddable":true,"href":"https:\/\/www.seag.es\/guia-alquiler\/wp-json\/wp\/v2\/comments?post=798"}],"version-history":[{"count":18,"href":"https:\/\/www.seag.es\/guia-alquiler\/wp-json\/wp\/v2\/pages\/798\/revisions"}],"predecessor-version":[{"id":2017,"href":"https:\/\/www.seag.es\/guia-alquiler\/wp-json\/wp\/v2\/pages\/798\/revisions\/2017"}],"wp:attachment":[{"href":"https:\/\/www.seag.es\/guia-alquiler\/wp-json\/wp\/v2\/media?parent=798"}],"curies":[{"name":"wp","href":"https:\/\/api.w.org\/{rel}","templated":true}]}}